{"id":4345,"date":"2019-12-20T15:12:30","date_gmt":"2019-12-20T14:12:30","guid":{"rendered":"https:\/\/mazza-am.com\/mentions-legales\/"},"modified":"2025-02-13T13:40:25","modified_gmt":"2025-02-13T12:40:25","slug":"mentions-legales","status":"publish","type":"page","link":"https:\/\/mazza-am.com\/fr\/mentions-legales\/","title":{"rendered":"Mentions l\u00e9gales"},"content":{"rendered":"<div class=\"wpb-content-wrapper\"><p>[vc_row content_placement=\u00a0\u00bbmiddle\u00a0\u00bb css=\u00a0\u00bb.vc_custom_1576851072063{padding-top: 60px !important;padding-bottom: 100px !important;background-position: center !important;background-repeat: no-repeat !important;background-size: cover !important;}\u00a0\u00bb responsive_css=\u00a0\u00bbpadding_top_medium:150px|padding_bottom_medium:150px\u00a0\u00bb][vc_column offset=\u00a0\u00bbvc_col-md-12&Prime; responsive_css=\u00a0\u00bbpadding_right_medium:5%25|padding_left_medium:5%25&Prime;][vc_row_inner][vc_column_inner]<style>.ld_spacer_69ed250c2a103{height:40px;}<\/style>\n<div class=\"ld-empty-space ld_spacer_69ed250c2a103\"><span class=\"liquid_empty_space_inner\"><\/span><\/div>[vc_column_text]<\/p>\n<h1>Mentions l\u00e9gales.<\/h1>\n<p>[\/vc_column_text]<style>.ld_spacer_69ed250c2a1c1{height:40px;}<\/style>\n<div class=\"ld-empty-space ld_spacer_69ed250c2a1c1\"><span class=\"liquid_empty_space_inner\"><\/span><\/div>[vc_column_text]Responsable de tout le contenu de ce site :<\/p>\n<p class=\"p1\"><strong>Mazza Asset Management AG<\/strong><br \/>\nSpl\u00fcgenstrasse 9<br \/>\nCH &#8211; 8002 Zurich<\/p>\n<p class=\"p1\"><a href=\"tel:+41442251515\">+41 44 225 15 15<\/a><br \/>\n<a class=\"mail-link\" data-enc-email=\"sz[at]znmmn-nz.pbz\" data-wpel-link=\"ignore\"><span id=\"eeb-353964-680995\">fm@mazza-am.com<\/span><\/a><\/p>\n<p>Num\u00e9ro d&rsquo;identification fiscale : CHE-112.951.575<\/p>\n<p>Le propri\u00e9taire et l&rsquo;exploitant de ce site web est Mazza Asset Management AG.<\/p>\n<p>&nbsp;<\/p>\n<p><strong>Mise en \u0153uvre du design web et de l&rsquo;optimisation pour les moteurs de recherche<\/strong><\/p>\n<p>WEBSPATZ WEBDESIGN GmbH<br \/>\nAm Wasser 159<br \/>\n8049 Zurich<\/p>\n<p><a href=\"tel:+41445579540\">+41 44 557 95 40<\/a><\/p>\n<p><a href=\"mailto:info@webspatz.ch\">info@webspatz.ch<\/a><br \/>\n<a href=\"https:\/\/webspatz.ch\/\">www.webspatz.ch<\/a><\/p>\n<p>&nbsp;<\/p>\n<p><strong>DISCLAIMER<\/strong><\/p>\n<p><strong>Clause de non-responsabilit\u00e9<\/strong><\/p>\n<p>L&rsquo;auteur n&rsquo;assume aucune responsabilit\u00e9 quant \u00e0 la v\u00e9racit\u00e9, l&rsquo;exactitude, l&rsquo;actualit\u00e9, la fiabilit\u00e9 et l&rsquo;exhaustivit\u00e9 du contenu des informations. L&rsquo;auteur ne saurait \u00eatre tenu pour responsable des dommages mat\u00e9riels ou immat\u00e9riels qui pourraient \u00eatre caus\u00e9s par l&rsquo;acc\u00e8s aux informations diffus\u00e9es ou par leur utilisation ou non-utilisation, par le mauvais usage de la connexion ou par des probl\u00e8mes techniques. Toutes les offres sont sans engagement. L&rsquo;auteur se r\u00e9serve express\u00e9ment le droit de modifier, de compl\u00e9ter ou de supprimer des parties de pages ou l&rsquo;ensemble de l&rsquo;offre sans avis pr\u00e9alable, ou d&rsquo;en suspendre temporairement ou d\u00e9finitivement la publication.<\/p>\n<p><strong>Responsabilit\u00e9 des liens<\/strong><\/p>\n<p>Les r\u00e9f\u00e9rences et les liens vers des sites web de tiers ne rel\u00e8vent pas de notre responsabilit\u00e9. Nous d\u00e9clinons toute responsabilit\u00e9 pour de tels sites. L&rsquo;acc\u00e8s \u00e0 ces sites et leur utilisation se font aux risques et p\u00e9rils de l&rsquo;utilisateur.<\/p>\n<p><strong>Droits d&rsquo;auteur<\/strong><\/p>\n<p>Les droits d&rsquo;auteur et tous les autres droits li\u00e9s aux contenus, images, photos ou autres fichiers pr\u00e9sents sur le site sont la propri\u00e9t\u00e9 exclusive de l&rsquo;auteur ou des titulaires de droits sp\u00e9cialement cit\u00e9s. La reproduction de tout \u00e9l\u00e9ment doit faire l&rsquo;objet d&rsquo;une autorisation \u00e9crite pr\u00e9alable des titulaires des droits d&rsquo;auteur.[\/vc_column_text]<style>.ld_spacer_69ed250c2a231{height:40px;}<\/style>\n<div class=\"ld-empty-space ld_spacer_69ed250c2a231\"><span class=\"liquid_empty_space_inner\"><\/span><\/div>[\/vc_column_inner][\/vc_row_inner][\/vc_column][\/vc_row]<\/p>\n<\/div>","protected":false},"excerpt":{"rendered":"<p>[vc_row content_placement=\u00a0\u00bbmiddle\u00a0\u00bb css=\u00a0\u00bb.vc_custom_1576851072063{padding-top: 60px !important;padding-bottom: 100px !important;background-position: center !important;background-repeat: no-repeat !important;background-size: cover !important;}\u00a0\u00bb responsive_css=\u00a0\u00bbpadding_top_medium:150px|padding_bottom_medium:150px\u00a0\u00bb][vc_column offset=\u00a0\u00bbvc_col-md-12&Prime;&#8230;<\/p>\n","protected":false},"author":1,"featured_media":0,"parent":0,"menu_order":0,"comment_status":"closed","ping_status":"closed","template":"","meta":{"inline_featured_image":false,"iawp_total_views":4,"footnotes":""},"class_list":["post-4345","page","type-page","status-publish","hentry"],"yoast_head":"<!-- This site is optimized with the Yoast SEO plugin v27.4 - https:\/\/yoast.com\/product\/yoast-seo-wordpress\/ -->\n<title>Mentions l\u00e9gales - Mazza Asset Management AG<\/title>\n<meta name=\"robots\" content=\"index, follow, max-snippet:-1, max-image-preview:large, max-video-preview:-1\" \/>\n<link rel=\"canonical\" href=\"https:\/\/mazza-am.com\/fr\/mentions-legales\/\" \/>\n<meta property=\"og:locale\" content=\"fr_FR\" \/>\n<meta property=\"og:type\" content=\"article\" \/>\n<meta property=\"og:title\" content=\"Mentions l\u00e9gales - Mazza Asset Management AG\" \/>\n<meta property=\"og:description\" content=\"[vc_row content_placement=\u00a0\u00bbmiddle\u00a0\u00bb css=\u00a0\u00bb.vc_custom_1576851072063{padding-top: 60px !important;padding-bottom: 100px !important;background-position: center !important;background-repeat: no-repeat !important;background-size: cover !important;}\u00a0\u00bb responsive_css=\u00a0\u00bbpadding_top_medium:150px|padding_bottom_medium:150px\u00a0\u00bb][vc_column offset=\u00a0\u00bbvc_col-md-12&Prime;...\" \/>\n<meta property=\"og:url\" content=\"https:\/\/mazza-am.com\/fr\/mentions-legales\/\" \/>\n<meta property=\"og:site_name\" content=\"Mazza Asset Management AG\" \/>\n<meta property=\"article:modified_time\" content=\"2025-02-13T12:40:25+00:00\" \/>\n<meta name=\"twitter:card\" content=\"summary_large_image\" \/>\n<meta name=\"twitter:label1\" content=\"Dur\u00e9e de lecture estim\u00e9e\" \/>\n\t<meta name=\"twitter:data1\" content=\"2 minutes\" \/>\n<script type=\"application\/ld+json\" class=\"yoast-schema-graph\">{\"@context\":\"https:\\\/\\\/schema.org\",\"@graph\":[{\"@type\":\"WebPage\",\"@id\":\"https:\\\/\\\/mazza-am.com\\\/fr\\\/mentions-legales\\\/\",\"url\":\"https:\\\/\\\/mazza-am.com\\\/fr\\\/mentions-legales\\\/\",\"name\":\"Mentions l\u00e9gales - Mazza Asset Management AG\",\"isPartOf\":{\"@id\":\"https:\\\/\\\/mazza-am.com\\\/fr\\\/#website\"},\"datePublished\":\"2019-12-20T14:12:30+00:00\",\"dateModified\":\"2025-02-13T12:40:25+00:00\",\"breadcrumb\":{\"@id\":\"https:\\\/\\\/mazza-am.com\\\/fr\\\/mentions-legales\\\/#breadcrumb\"},\"inLanguage\":\"fr-FR\",\"potentialAction\":[{\"@type\":\"ReadAction\",\"target\":[\"https:\\\/\\\/mazza-am.com\\\/fr\\\/mentions-legales\\\/\"]}]},{\"@type\":\"BreadcrumbList\",\"@id\":\"https:\\\/\\\/mazza-am.com\\\/fr\\\/mentions-legales\\\/#breadcrumb\",\"itemListElement\":[{\"@type\":\"ListItem\",\"position\":1,\"name\":\"Startseite\",\"item\":\"https:\\\/\\\/mazza-am.com\\\/fr\\\/\"},{\"@type\":\"ListItem\",\"position\":2,\"name\":\"Mentions l\u00e9gales\"}]},{\"@type\":\"WebSite\",\"@id\":\"https:\\\/\\\/mazza-am.com\\\/fr\\\/#website\",\"url\":\"https:\\\/\\\/mazza-am.com\\\/fr\\\/\",\"name\":\"Mazza Asset Management AG\",\"description\":\"Asset Management Fabio Mazza\",\"potentialAction\":[{\"@type\":\"SearchAction\",\"target\":{\"@type\":\"EntryPoint\",\"urlTemplate\":\"https:\\\/\\\/mazza-am.com\\\/fr\\\/?s={search_term_string}\"},\"query-input\":{\"@type\":\"PropertyValueSpecification\",\"valueRequired\":true,\"valueName\":\"search_term_string\"}}],\"inLanguage\":\"fr-FR\"}]}<\/script>\n<!-- \/ Yoast SEO plugin. -->","yoast_head_json":{"title":"Mentions l\u00e9gales - Mazza Asset Management AG","robots":{"index":"index","follow":"follow","max-snippet":"max-snippet:-1","max-image-preview":"max-image-preview:large","max-video-preview":"max-video-preview:-1"},"canonical":"https:\/\/mazza-am.com\/fr\/mentions-legales\/","og_locale":"fr_FR","og_type":"article","og_title":"Mentions l\u00e9gales - Mazza Asset Management AG","og_description":"[vc_row content_placement=\u00a0\u00bbmiddle\u00a0\u00bb css=\u00a0\u00bb.vc_custom_1576851072063{padding-top: 60px !important;padding-bottom: 100px !important;background-position: center !important;background-repeat: no-repeat !important;background-size: cover !important;}\u00a0\u00bb responsive_css=\u00a0\u00bbpadding_top_medium:150px|padding_bottom_medium:150px\u00a0\u00bb][vc_column offset=\u00a0\u00bbvc_col-md-12&Prime;...","og_url":"https:\/\/mazza-am.com\/fr\/mentions-legales\/","og_site_name":"Mazza Asset Management AG","article_modified_time":"2025-02-13T12:40:25+00:00","twitter_card":"summary_large_image","twitter_misc":{"Dur\u00e9e de lecture estim\u00e9e":"2 minutes"},"schema":{"@context":"https:\/\/schema.org","@graph":[{"@type":"WebPage","@id":"https:\/\/mazza-am.com\/fr\/mentions-legales\/","url":"https:\/\/mazza-am.com\/fr\/mentions-legales\/","name":"Mentions l\u00e9gales - Mazza Asset Management AG","isPartOf":{"@id":"https:\/\/mazza-am.com\/fr\/#website"},"datePublished":"2019-12-20T14:12:30+00:00","dateModified":"2025-02-13T12:40:25+00:00","breadcrumb":{"@id":"https:\/\/mazza-am.com\/fr\/mentions-legales\/#breadcrumb"},"inLanguage":"fr-FR","potentialAction":[{"@type":"ReadAction","target":["https:\/\/mazza-am.com\/fr\/mentions-legales\/"]}]},{"@type":"BreadcrumbList","@id":"https:\/\/mazza-am.com\/fr\/mentions-legales\/#breadcrumb","itemListElement":[{"@type":"ListItem","position":1,"name":"Startseite","item":"https:\/\/mazza-am.com\/fr\/"},{"@type":"ListItem","position":2,"name":"Mentions l\u00e9gales"}]},{"@type":"WebSite","@id":"https:\/\/mazza-am.com\/fr\/#website","url":"https:\/\/mazza-am.com\/fr\/","name":"Mazza Asset Management AG","description":"Asset Management Fabio Mazza","potentialAction":[{"@type":"SearchAction","target":{"@type":"EntryPoint","urlTemplate":"https:\/\/mazza-am.com\/fr\/?s={search_term_string}"},"query-input":{"@type":"PropertyValueSpecification","valueRequired":true,"valueName":"search_term_string"}}],"inLanguage":"fr-FR"}]}},"_links":{"self":[{"href":"https:\/\/mazza-am.com\/fr\/wp-json\/wp\/v2\/pages\/4345","targetHints":{"allow":["GET"]}}],"collection":[{"href":"https:\/\/mazza-am.com\/fr\/wp-json\/wp\/v2\/pages"}],"about":[{"href":"https:\/\/mazza-am.com\/fr\/wp-json\/wp\/v2\/types\/page"}],"author":[{"embeddable":true,"href":"https:\/\/mazza-am.com\/fr\/wp-json\/wp\/v2\/users\/1"}],"replies":[{"embeddable":true,"href":"https:\/\/mazza-am.com\/fr\/wp-json\/wp\/v2\/comments?post=4345"}],"version-history":[{"count":2,"href":"https:\/\/mazza-am.com\/fr\/wp-json\/wp\/v2\/pages\/4345\/revisions"}],"predecessor-version":[{"id":4347,"href":"https:\/\/mazza-am.com\/fr\/wp-json\/wp\/v2\/pages\/4345\/revisions\/4347"}],"wp:attachment":[{"href":"https:\/\/mazza-am.com\/fr\/wp-json\/wp\/v2\/media?parent=4345"}],"curies":[{"name":"wp","href":"https:\/\/api.w.org\/{rel}","templated":true}]}}